{"id":849,"date":"2022-08-31T01:28:12","date_gmt":"2022-08-31T01:28:12","guid":{"rendered":"https:\/\/baudentalinternational.com\/our-educational-strenght\/"},"modified":"2023-11-26T22:16:47","modified_gmt":"2023-11-26T22:16:47","slug":"unsere-bildungsstarke","status":"publish","type":"page","link":"https:\/\/baudentalinternational.com\/de\/unsere-bildungsstarke\/","title":{"rendered":"Unsere p\u00e4dagogische St\u00e4rke"},"content":{"rendered":"<link href='https:\/\/fonts.googleapis.com\/css?family=Muli' rel='stylesheet' type='text\/css'>\n<html xmlns=\"http:\/\/www.w3.org\/1999\/xhtml\" lang=\"en\" xml:lang=\"en\"><\/p>\n<p><head>\n    <link rel=\"stylesheet\" href=\"shape.css\" type=\"text\/css\" media=\"screen\">\n<p>    <title><br \/>\n        disListLeftToRight<br \/>\n    <\/title><\/p>\n<link rel=\"stylesheet\" href=\"https:\/\/stackpath.bootstrapcdn.com\/bootstrap\/4.3.1\/css\/bootstrap.min.css\"\n        integrity=\"sha384-ggOyR0iXCbMQv3Xipma34MD+dH\/1fQ784\/j6cY\/iJTQUOhcWr7x9JvoRxT2MZw1T\" crossorigin=\"anonymous\"><\/p>\n<p>    <script src=\"https:\/\/kit.fontawesome.com\/yourcode.js\" crossorigin=\"anonymous\"><\/script><\/p>\n<link rel=\"stylesheet\" href=\"https:\/\/baudentalinternational.com\/wp-content\/uploads\/2022\/12\/style2.css\">\n<p><\/head><\/p>\n<p><body><\/p>\n<div class=\"container\">\n<div class=\"row\">\n<p style=\"text-align: center; margin-bottom: 80px;\"><iframe loading=\"lazy\" title=\"BAU Global\" src=\"https:\/\/www.youtube.com\/embed\/XESmqfQlIU0\" width=\"873\" height=\"491\" frameborder=\"0\" allowfullscreen=\"allowfullscreen\"><\/iframe><\/p>\n<p style=\"text-align: center; margin-bottom: 80px;\"><iframe loading=\"lazy\" title=\"BAU Global Tan\u0131t\u0131m 2023\" src=\"https:\/\/www.youtube.com\/embed\/mTND5jY_acA\" width=\"873\" height=\"491\" frameborder=\"0\" allowfullscreen=\"allowfullscreen\"><\/iframe><\/p>\n<\/p><\/div>\n<\/p><\/div>\n<div class=\"container\">\n<div class=\"row\">\n<div class=\"col\">\n<div class=\"kielyleafa\" style=\"color: white;\">\n<p style=\"padding: 42%;padding-top:26%; font-size: xx-large; margin: 0;\">5<\/p>\n<\/p><\/div>\n<div class=\"kielystalk\" style=\"color: #0D528F;\">\n<p style=\"padding-left: 15px; padding-top: 15px;\">PROFESSOR<\/p>\n<\/p><\/div>\n<\/p><\/div>\n<div class=\"col\">\n<div class=\"kielyleafa\" style=\"color: white; background-color: #FEB839;\">\n<p style=\"padding: 42%;padding-top:26%; font-size: xx-large; margin: 0;\">6<\/p>\n<\/p><\/div>\n<div class=\"kielystalk\" style=\"color: #0D528F; background-color: #FEB839;\">\n<p style=\"padding-left: 15px; padding-top: 15px;\">LABORATORIEN<\/p>\n<\/p><\/div>\n<\/p><\/div>\n<div class=\"col\">\n<div class=\"kielyleafa\" style=\"color: white; background-color: #0094DA;\">\n<p style=\"padding: 32%;padding-top:26%; font-size: xx-large; margin: 0;\">14<\/p>\n<\/p><\/div>\n<div class=\"kielystalk\" style=\"background-color: #0094DA; color: #0D528F;\">\n<p style=\"padding-left: 15px; padding-top: 15px;\">WISSENSCHAFTLICHE MITARBEITERIN<\/p>\n<\/p><\/div>\n<\/p><\/div>\n<div class=\"col\">\n<div class=\"kielyleafa\" style=\"color: white; background-color: #FEB839;\">\n<p style=\"padding: 32%;padding-top:26%; font-size: xx-large; margin: 0;\">11<\/p>\n<\/p><\/div>\n<div class=\"kielystalk\" style=\"background-color: #FEB839; color: #0D528F;\">\n<p style=\"padding-left: 15px; padding-top: 15px;\">LECTURER<\/p>\n<\/p><\/div>\n<\/p><\/div>\n<div class=\"col\">\n<div class=\"kielyleafa\" style=\"color: white;\">\n<p style=\"padding: 32%;padding-top:28%; font-size: xx-large; margin: 0;\">14<\/p>\n<\/p><\/div>\n<div class=\"kielystalk\">\n<p style=\"padding-left: 15px; padding-top: 15px; color: #0D528F;\">ASSISTENZPROFESSOR<\/p>\n<\/p><\/div>\n<\/p><\/div>\n<div class=\"col\">\n<div class=\"kielyleafa\" style=\"color: white; background-color: #0094DA;\">\n<p style=\"padding: 42%;padding-top:28%; font-size: xx-large; margin: 0;\">6<\/p>\n<\/p><\/div>\n<div class=\"kielystalk\" style=\"background-color: #0094DA;\">\n<p style=\"padding-left: 15px; padding-top: 15px; color: #0D528F;\">AUSSERORDENTLICHER PROFESSOR<\/p>\n<\/p><\/div>\n<\/p><\/div>\n<\/p><\/div>\n<\/p><\/div>\n<div class=\"container\">\n<p><\/p>\n<div style=\"display: flex; flex-direction: row;\">\n<h2 style=\"color: #0D528F; font-weight:bold;\">Laboratorien<\/h2>\n<hr style=\"width:75%; border-color: #0094DA; border-width: 2px; margin-top: 20px;\">\n        <\/div>\n<\/p><\/div>\n<div class=\"container\">\n<p><\/p>\n<div class=\"row\">\n<div class=\"col\">\n<div class=\"leafWideTopLef\" style=\"color: #0D528F; display: flex;\">\n<div class=\"leafLookingRightDown\" style=\"background-color: #FEB839;\"><img decoding=\"async\"\n                            src=\"http:\/\/baudentalinternational.com\/wp-content\/uploads\/2022\/12\/4_1.png\"\n                            style=\"padding: 25%\">\n                    <\/div>\n<p style=\"color: #0D528F; margin: auto; word-wrap: break-word; width:150px;\">LABOR F\u00dcR KLINISCHE F\u00c4HIGKEITEN\n                    <\/p>\n<\/p><\/div>\n<\/p><\/div>\n<div class=\"col\">\n<div class=\"leafWideTopCenter\" style=\"color: #0D528F; display: flex;\">\n<div class=\"leafLookingRightUp\" style=\"background-color: #D2E56E;\"><img decoding=\"async\"\n                            src=\"http:\/\/baudentalinternational.com\/wp-content\/uploads\/2022\/12\/6_1.png\"\n                            style=\"padding: 25%\"><\/div>\n<p style=\"color: #0D528F; margin: auto; word-wrap: break-word; width:150px;\">SIMULATIONSLABOR\n                    <\/p>\n<\/p><\/div>\n<\/p><\/div>\n<div class=\"col\">\n<div class=\"leafWideDownLeft\" style=\"color: #0D528F; display: flex;\">\n<div class=\"leafLookingRightUp\" style=\"background-color: #FEB839;\"><img decoding=\"async\"\n                            src=\"http:\/\/baudentalinternational.com\/wp-content\/uploads\/2022\/12\/1_1.png\"\n                            style=\"padding: 25%\">\n                    <\/div>\n<p style=\"color: #0D528F; margin: auto; word-wrap: break-word; width:150px;\">LABOR F\u00dcR DIGITALE ZAHNMEDIZIN\n                    <\/p>\n<\/p><\/div>\n<\/p><\/div>\n<\/p><\/div>\n<p><\/p>\n<div class=\"row\">\n<div class=\"col\">\n<div class=\"leafWideDownLeft\" style=\"color: #0D528F; display: flex;\">\n<div class=\"leafLookingRightUp\" style=\"background-color: #D2E56E;\"><img decoding=\"async\"\n                            src=\"http:\/\/baudentalinternational.com\/wp-content\/uploads\/2022\/12\/5_1.png\"\n                            style=\"padding: 25%\"><\/div>\n<p style=\"color: #0D528F; margin: auto; word-wrap: break-word; width:150px;\">DIGITALES ZAHNTECHNIKLABOR<br \/>\n                        TECHNOLOGY LAB\n                    <\/p>\n<\/p><\/div>\n<\/p><\/div>\n<div class=\"col\">\n<div class=\"leafWideDownCenter\" style=\"color: #0D528F; display: flex;\">\n<div class=\"leafLookingRightDown\" style=\"background-color: #FEB839;\"><img decoding=\"async\"\n                            src=\"http:\/\/baudentalinternational.com\/wp-content\/uploads\/2022\/12\/3_1.png\"\n                            style=\"padding: 25%\"><\/div>\n<p style=\"color: #0D528F; margin: auto; word-wrap: break-word; width:150px;\">LABOR F\u00dcR DIGITALE PROTHETIK\n                    <\/p>\n<\/p><\/div>\n<\/p><\/div>\n<div class=\"col\">\n<div class=\"leafWideTopLef\" style=\"color: #0D528F; display: flex;\">\n<div class=\"leafLookingRightDown\" style=\"background-color: #D2E56E;\"><img decoding=\"async\"\n                            src=\"http:\/\/baudentalinternational.com\/wp-content\/uploads\/2022\/12\/2_1.png\"\n                            style=\"padding: 27%\"><\/div>\n<p style=\"color: #0D528F; margin: auto; word-wrap: break-word; width:150px;\">LABOR F\u00dcR HAPTISCHE SIMULATOREN\n                    <\/p>\n<\/p><\/div>\n<\/p><\/div>\n<\/p><\/div>\n<\/p><\/div>\n<div class=\"container\">\n<p><\/p>\n<div class=\"row\">\n<div class=\"col\">\n<div style=\"display: flex; flex-direction: row;\">\n<h2 style=\"color: #0D528F; font-weight:bold;\">Kliniken<\/h2>\n<hr style=\"width:55%; border-color: #0094DA; border-width: 2px; margin-top: 20px;\">\n                <\/div>\n<\/p><\/div>\n<div class=\"col\">\n<div class=\"leafWideTopLef\" style=\"color: white; display: flex;\">\n<div class=\"kielyleafa\" style=\"background-color: #0094DA;\">\n<p style=\"padding: 42%;padding-top:28%; font-size: xx-large; margin: 0;\">3<\/p>\n<\/p><\/div>\n<p style=\"color: #0D528F; margin: auto; word-wrap: break-word; width:150px;\">STUDENTENKLINIK<\/p>\n<\/p><\/div>\n<\/p><\/div>\n<div class=\"col\">\n<div class=\"leafWideTopLef\" style=\"color: white; display: flex;\">\n<div class=\"kielyleafa\" style=\"background-color: #0094DA;\">\n<p style=\"padding: 42%;padding-top:28%; font-size: xx-large; margin: 0;\">4<\/p>\n<\/p><\/div>\n<p style=\"color: #0D528F; margin: auto; word-wrap: break-word; width:150px;\">KLINIK F\u00dcR FAKULT\u00c4TSANGEH\u00d6RIGE\n                    <\/p>\n<\/p><\/div>\n<\/p><\/div>\n<\/p><\/div>\n<\/p><\/div>\n<p><\/body><\/p>\n<p><\/html><\/p>\n","protected":false},"excerpt":{"rendered":"<p>disListLeftToRight 5 PROFESSOR 6 LABORATORIEN 14 WISSENSCHAFTLICHE MITARBEITERIN 11 LECTURER 14 ASSISTENZPROFESSOR 6 AUSSERORDENTLICHER PROFESSOR Laboratorien LABOR F\u00dcR KLINISCHE F\u00c4HIGKEITEN SIMULATIONSLABOR LABOR F\u00dcR DIGITALE ZAHNMEDIZIN DIGITALES ZAHNTECHNIKLABOR TECHNOLOGY LAB LABOR F\u00dcR DIGITALE PROTHETIK LABOR F\u00dcR HAPTISCHE SIMULATOREN Kliniken 3 STUDENTENKLINIK 4 KLINIK F\u00dcR FAKULT\u00c4TSANGEH\u00d6RIGE<\/p>\n","protected":false},"author":1,"featured_media":0,"parent":0,"menu_order":0,"comment_status":"closed","ping_status":"closed","template":"","meta":{"slim_seo":{"title":"Unsere p\u00e4dagogische St\u00e4rke - BAU Dental Hospital","description":"disListLeftToRight 5 PROFESSOR 6 LABORATORIEN 14 WISSENSCHAFTLICHE MITARBEITERIN 11 LECTURER 14 ASSISTENZPROFESSOR 6 AUSSERORDENTLICHER PROFESSOR Laboratorien L"},"footnotes":""},"class_list":["post-849","page","type-page","status-publish","hentry"],"_links":{"self":[{"href":"https:\/\/baudentalinternational.com\/de\/wp-json\/wp\/v2\/pages\/849","targetHints":{"allow":["GET"]}}],"collection":[{"href":"https:\/\/baudentalinternational.com\/de\/wp-json\/wp\/v2\/pages"}],"about":[{"href":"https:\/\/baudentalinternational.com\/de\/wp-json\/wp\/v2\/types\/page"}],"author":[{"embeddable":true,"href":"https:\/\/baudentalinternational.com\/de\/wp-json\/wp\/v2\/users\/1"}],"replies":[{"embeddable":true,"href":"https:\/\/baudentalinternational.com\/de\/wp-json\/wp\/v2\/comments?post=849"}],"version-history":[{"count":11,"href":"https:\/\/baudentalinternational.com\/de\/wp-json\/wp\/v2\/pages\/849\/revisions"}],"predecessor-version":[{"id":1558,"href":"https:\/\/baudentalinternational.com\/de\/wp-json\/wp\/v2\/pages\/849\/revisions\/1558"}],"wp:attachment":[{"href":"https:\/\/baudentalinternational.com\/de\/wp-json\/wp\/v2\/media?parent=849"}],"curies":[{"name":"wp","href":"https:\/\/api.w.org\/{rel}","templated":true}]}}