{"id":872,"date":"2022-08-31T01:30:45","date_gmt":"2022-08-31T01:30:45","guid":{"rendered":"https:\/\/baudentalinternational.com\/our-technology\/"},"modified":"2024-01-11T13:05:57","modified_gmt":"2024-01-11T13:05:57","slug":"unsere-technologie","status":"publish","type":"page","link":"https:\/\/baudentalinternational.com\/de\/unsere-technologie\/","title":{"rendered":"Unsere Technologie"},"content":{"rendered":"<h2>3-Dimensionale Drucker<\/h2>\n<p>Dreidimensionales Drucken, auch als additive Fertigung bezeichnet, ist eine fortschrittliche Fertigungstechnologie. In CAD-CAM-Systemen k\u00f6nnen Restaurationen mit Ger\u00e4ten hergestellt werden, die verschiedene Arten von Zahnbl\u00f6cken fr\u00e4sen, und heute k\u00f6nnen Restaurationen mit aktueller Drucktechnologie Schicht f\u00fcr Schicht hergestellt werden. Dank dieses Systems kann ein digitales 3D-Design, das irgendwo auf der Welt erstellt wurde, mit einem 3D-Drucker in der Klinik in Produktion gebracht werden. Dies erm\u00f6glicht einen weltweiten zahn\u00e4rztlichen Service. Mit der additiven Fertigungstechnik; Viele Restaurationen und Apparaturen k\u00f6nnen hergestellt werden, wie z. B. Inlay, Onlay, Veneer, Krone, Br\u00fccke, herausnehmbarer Zahnersatz, Schiene, Bohrschablone, Aligner usw.<\/p>\n<p><strong>Vorteile von 3D-Druckern<\/strong><\/p>\n<p><img loading=\"lazy\" decoding=\"async\" class=\"wp-image-299 alignright\" src=\"http:\/\/baudentalinternational.com\/wp-content\/uploads\/2022\/11\/Picture1.png\" alt=\"\" width=\"94\" height=\"250\" srcset=\"https:\/\/baudentalinternational.com\/wp-content\/uploads\/2022\/11\/Picture1.png 302w, https:\/\/baudentalinternational.com\/wp-content\/uploads\/2022\/11\/Picture1-113x300.png 113w\" sizes=\"auto, (max-width: 94px) 100vw, 94px\" \/><\/p>\n<ul>\n<li>Kosteneffizient<\/li>\n<li>Zeiteffizient<\/li>\n<li>Vereinfachte Klinische Verfahren<\/li>\n<li>Sehr genaue Restaurationen<\/li>\n<li>Pr\u00e4zise gefertigte Restaurationen<\/li>\n<li>Biokompatibel<\/li>\n<li>Guter \u00e4sthetischer Charakter<\/li>\n<\/ul>\n<p><strong>1. (Markenname: WaterLase iPlus) \u2013 ErCr YSGG: Laserger\u00e4t f\u00fcr hartes und weiches Gewebe<\/strong><\/p>\n<p><img loading=\"lazy\" decoding=\"async\" class=\"size-full wp-image-304 aligncenter\" src=\"http:\/\/baudentalinternational.com\/wp-content\/uploads\/2022\/11\/m1.jpg\" alt=\"\" width=\"255\" height=\"468\" srcset=\"https:\/\/baudentalinternational.com\/wp-content\/uploads\/2022\/11\/m1.jpg 255w, https:\/\/baudentalinternational.com\/wp-content\/uploads\/2022\/11\/m1-163x300.jpg 163w\" sizes=\"auto, (max-width: 255px) 100vw, 255px\" \/><\/p>\n<p><strong>2. (Markenname: SOLASE Dental Diode Laser) \u2013 Diodenlaser: Laserger\u00e4t f\u00fcr Weichgewebe<\/strong><\/p>\n<p><img loading=\"lazy\" decoding=\"async\" class=\"size-large wp-image-305 alignleft\" src=\"http:\/\/baudentalinternational.com\/wp-content\/uploads\/2022\/11\/m2.jpg\" alt=\"\" width=\"605\" height=\"434\" srcset=\"https:\/\/baudentalinternational.com\/wp-content\/uploads\/2022\/11\/m2.jpg 605w, https:\/\/baudentalinternational.com\/wp-content\/uploads\/2022\/11\/m2-300x215.jpg 300w\" sizes=\"auto, (max-width: 605px) 100vw, 605px\" \/><\/p>\n<p><strong>3. (Markenname: Sololase Pro Laser )\u2013 Diodenlaser: Laserger\u00e4t f\u00fcr Weichgewebe<\/strong><\/p>\n<h2><img loading=\"lazy\" decoding=\"async\" class=\"size-full wp-image-306 alignleft\" src=\"http:\/\/baudentalinternational.com\/wp-content\/uploads\/2022\/11\/m2.png\" alt=\"\" width=\"491\" height=\"434\" srcset=\"https:\/\/baudentalinternational.com\/wp-content\/uploads\/2022\/11\/m2.png 491w, https:\/\/baudentalinternational.com\/wp-content\/uploads\/2022\/11\/m2-300x265.png 300w\" sizes=\"auto, (max-width: 491px) 100vw, 491px\" \/><\/h2>\n<h2><\/h2>\n<h2><\/h2>\n<h2><\/h2>\n<h2><\/h2>\n<h2><\/h2>\n<h2><\/h2>\n<h2><\/h2>\n<h2><\/h2>\n<h2><\/h2>\n<h2>CAD \/ CAM-Technologie<\/h2>\n<p>CAD \/ CAM-Anwendung in der Zahnmedizin ist der Prozess, bei dem durch Feinfr\u00e4sen von fertigen Keramikbl\u00f6cken eine fertige Zahnrestauration erreicht wird. CAD \/ CAM ist ein Akronym aus den englischen W\u00f6rtern Computer-Aided-Design (CAD) \/ Computer-Aided-Manufacture (CAM), bzw. dentales computergest\u00fctztes Design und computergest\u00fctzte Herstellung von Veneers, Inlays, Onlays, Kronen, Br\u00fccken und herausnehmbarem Zahnersatz. Es erm\u00f6glicht die Standardisierung der prothetischen Herstellungsprotokolle und verk\u00fcrzt den Behandlungsprozess.<\/p>\n<p><strong>Vorteile von CAD\/CAM:<\/strong><br \/>\n<img loading=\"lazy\" decoding=\"async\" class=\"wp-image-300 alignright\" src=\"http:\/\/baudentalinternational.com\/wp-content\/uploads\/2022\/11\/Picture2.png\" alt=\"\" width=\"162\" height=\"209\" srcset=\"https:\/\/baudentalinternational.com\/wp-content\/uploads\/2022\/11\/Picture2.png 684w, https:\/\/baudentalinternational.com\/wp-content\/uploads\/2022\/11\/Picture2-233x300.png 233w\" sizes=\"auto, (max-width: 162px) 100vw, 162px\" \/><\/p>\n<ul>\n<li>Weniger Zeit in der Klinik Verbringen<\/li>\n<li>Ein vereinfachtes Verfahren<\/li>\n<li>Pr\u00e4zise gefertigte Restaurationen<\/li>\n<li>Effizienter Arbeiten<\/li>\n<li>Steigerung der Benutzer-\/Patientenzufriedenheit<\/li>\n<li>Hervorragende \u00e4sthetische Eigenschaften<\/li>\n<li>Extrem biokompatibel<\/li>\n<\/ul>\n<h2>DENTALLASERSYSTEME<\/h2>\n<p>In der Zahnmedizin wird der Laser bei der Behandlung von weichem und hartem Gewebe mit der Funktion verwendet, das Gewebe, mit dem Lichtenergie in Kontakt kommt, zu erhitzen, zu verdampfen oder zu schneiden. Der Zweck der Verwendung des Lasers besteht darin, sicherzustellen, dass das Schmerzgef\u00fchl, das beim Patienten auftreten kann, auf ein Minimum reduziert wird, und Behandlungen durchzuf\u00fchren, die gesundes Gewebe sch\u00fctzen und heilende Eigenschaften haben. Es gibt eine gro\u00dfe Auswahl an zahn\u00e4rztlichen Laserbehandlungen, die helfen k\u00f6nnen, alle Aspekte von Z\u00e4hnen und Zahnfleisch zu pflegen.<\/p>\n<p><strong>Behandlungen, die mit Dentallasersystemen durchgef\u00fchrt werden k\u00f6nnen:<\/strong><\/p>\n<ul>\n<li>Dentin\u00fcberempfindlichkeitsbehandlung<\/li>\n<li>Kariesentfernung<\/li>\n<li>Endodontische Behandlungen<\/li>\n<li>Wundheilung<\/li>\n<li>Parodontale chirurgische Behandlungen<\/li>\n<li>Knochenoperationen<\/li>\n<li>Zahnfleischdepigmentierung<\/li>\n<li>Entfernung von pathologischem Gewebe<\/li>\n<li>Kronenverl\u00e4ngerung<\/li>\n<li>Frenektomie und Frenotomie<\/li>\n<li>Behandlung der oralen Mukositis<\/li>\n<li>Entfernung von entz\u00fcndeten \u00f6demat\u00f6sen Geweben<\/li>\n<li>Drysocket-Behandlung<\/li>\n<\/ul>\n<p><strong>Vorteile von Dentallasersystemen:<\/strong><\/p>\n<ul>\n<li>Minimalinvasives Behandlungsprinzip<\/li>\n<li>Weniger Blutungen im Weichgewebe<\/li>\n<li>Weniger Schmerzen oder keine Notwendigkeit einer An\u00e4sthesie<\/li>\n<li>Weniger traumatisch, schnellere Heilung<\/li>\n<li>Desinfektionswirkung<\/li>\n<li>Keine Vibrationen oder Ger\u00e4usche<\/li>\n<li>Zeitsparendes Verfahren<\/li>\n<\/ul>\n<h2>Intraoraler Scanner<\/h2>\n<p>Der Intraoralscanner (IOS) ist ein Ger\u00e4t, das in der Zahnheilkunde verwendet wird, um digitale Abdr\u00fccke zu nehmen. Unabh\u00e4ngig von den Techniken und Materialien, die bei herk\u00f6mmlichen Abdruckmethoden verwendet werden, werden mit den sekundenschnellen digitalen Abdr\u00fccken sowohl die Genauigkeit als auch der Patientenkomfort maximiert. Die Intraoralscanner erm\u00f6glichen einen vollst\u00e4ndig digitalen Workflow, bei dem die 3D-Designs von Restaurationen durchgef\u00fchrt und anschlie\u00dfend auf Fr\u00e4s- oder 3D-Druckger\u00e4ten pr\u00e4zise hergestellt werden. Au\u00dferdem erm\u00f6glichen digitale Abformungen, Abdruckfehler schnell zu erkennen, problemlos zu wiederholen und den aktuellen Zahnzustand auf der digitalen Plattform zu analysieren.<\/p>\n<p><strong>Vorteile von Intraoralscannern:<\/strong><\/p>\n<ul>\n<li>Verbesserung des Patientenkomforts<\/li>\n<li>Behandlungsakzeptanz verbessern<\/li>\n<li>Zeiteffizient<\/li>\n<li>Vereinfachte Klinische Verfahren<\/li>\n<li>Beseitigung des W\u00fcrgereflexes<\/li>\n<li>Bessere Kommunikation mit Patienten<\/li>\n<li>Beseitigung des Eindrucksgeschmacks<\/li>\n<\/ul>\n<h2><img loading=\"lazy\" decoding=\"async\" class=\"size-full wp-image-302 aligncenter\" src=\"http:\/\/baudentalinternational.com\/wp-content\/uploads\/2022\/11\/Picture3.jpg\" alt=\"\" width=\"306\" height=\"305\" srcset=\"https:\/\/baudentalinternational.com\/wp-content\/uploads\/2022\/11\/Picture3.jpg 306w, https:\/\/baudentalinternational.com\/wp-content\/uploads\/2022\/11\/Picture3-300x300.jpg 300w, https:\/\/baudentalinternational.com\/wp-content\/uploads\/2022\/11\/Picture3-150x150.jpg 150w\" sizes=\"auto, (max-width: 306px) 100vw, 306px\" \/><\/h2>\n","protected":false},"excerpt":{"rendered":"<p>3-Dimensionale Drucker Dreidimensionales Drucken, auch als additive Fertigung bezeichnet, ist eine fortschrittliche Fertigungstechnologie. In CAD-CAM-Systemen k\u00f6nnen Restaurationen mit Ger\u00e4ten hergestellt werden, die verschiedene Arten von Zahnbl\u00f6cken fr\u00e4sen, und heute k\u00f6nnen Restaurationen mit aktueller Drucktechnologie Schicht f\u00fcr Schicht hergestellt werden. Dank dieses Systems kann ein digitales 3D-Design, das irgendwo auf der Welt erstellt wurde, mit einem [&hellip;]<\/p>\n","protected":false},"author":1,"featured_media":0,"parent":0,"menu_order":0,"comment_status":"closed","ping_status":"closed","template":"","meta":{"slim_seo":{"title":"Unsere Technologie - BAU Dental Hospital","description":"3-Dimensionale Drucker Dreidimensionales Drucken, auch als additive Fertigung bezeichnet, ist eine fortschrittliche Fertigungstechnologie. In CAD-CAM-Systemen k"},"footnotes":""},"class_list":["post-872","page","type-page","status-publish","hentry"],"_links":{"self":[{"href":"https:\/\/baudentalinternational.com\/de\/wp-json\/wp\/v2\/pages\/872","targetHints":{"allow":["GET"]}}],"collection":[{"href":"https:\/\/baudentalinternational.com\/de\/wp-json\/wp\/v2\/pages"}],"about":[{"href":"https:\/\/baudentalinternational.com\/de\/wp-json\/wp\/v2\/types\/page"}],"author":[{"embeddable":true,"href":"https:\/\/baudentalinternational.com\/de\/wp-json\/wp\/v2\/users\/1"}],"replies":[{"embeddable":true,"href":"https:\/\/baudentalinternational.com\/de\/wp-json\/wp\/v2\/comments?post=872"}],"version-history":[{"count":3,"href":"https:\/\/baudentalinternational.com\/de\/wp-json\/wp\/v2\/pages\/872\/revisions"}],"predecessor-version":[{"id":883,"href":"https:\/\/baudentalinternational.com\/de\/wp-json\/wp\/v2\/pages\/872\/revisions\/883"}],"wp:attachment":[{"href":"https:\/\/baudentalinternational.com\/de\/wp-json\/wp\/v2\/media?parent=872"}],"curies":[{"name":"wp","href":"https:\/\/api.w.org\/{rel}","templated":true}]}}