{"id":895,"date":"2022-08-31T09:55:55","date_gmt":"2022-08-31T09:55:55","guid":{"rendered":"https:\/\/baudentalinternational.com\/dental-journey\/"},"modified":"2025-07-16T10:26:24","modified_gmt":"2025-07-16T10:26:24","slug":"zahnreise","status":"publish","type":"page","link":"https:\/\/baudentalinternational.com\/de\/zahnreise\/","title":{"rendered":"Zahnreise"},"content":{"rendered":"\r\n<h2 class=\"wp-block-heading\">Behandlungsplan &amp; Termin<\/h2>\r\n\r\n\r\n\r\n<p>Schicken Sie uns Ihre pers\u00f6nlichen Daten und Krankenakten .<\/p>\r\n\r\n\r\n\r\n<p>Wir werden unser medizinisches Personal konsultieren und uns innerhalb von 24 Stunden mit Ihnen in Verbindung setzen. Wir werden einen geeigneten Behandlungsplan, eine Kostensch\u00e4tzung und die Aufenthaltsdauer mit Ihnen teilen.<\/p>\r\n\r\n\r\n\r\n<p>Sie k\u00f6nnen auch direkt einen Termin per E-Mail an internationalpatient@dent.bau.edu.tr anfragen.<\/p>\r\n\r\n\r\n\r\n<p>Der Termin wird festgelegt, sobald der Behandlungsplan von Ihnen best\u00e4tigt wird.<\/p>\r\n\r\n\r\n\r\n<h2 class=\"wp-block-heading\">Unterkunft und Bodentransfer<\/h2>\r\n\r\n\r\n\r\n<p>Wir arrangieren Transfers zum Flughafen, hotel und Krankenhaus im Einklang mit Ihren Reise- und medizinischen Terminen. Wir helfen Ihnen bei der Unterkunftsreservierung in nahe gelegenen Hotels basierend auf Ihren Pr\u00e4ferenzen.<\/p>\r\n\r\n\r\n\r\n<h2 class=\"wp-block-heading\">Zahnbehandlung<\/h2>\r\n\r\n\r\n\r\n<p>Alle Behandlungen werden in unserer hochmodernen Einrichtung, die mit der neuesten Technologie ausgestattet ist, von unseren hochqualifizierten, international ausgebildeten \u00c4rzten und medizinischen Experten durchgef\u00fchrt.<\/p>\r\n\r\n\r\n\r\n<p>Sobald Ihre Behandlung abgeschlossen ist, werden medizinische Unterlagen und Berichte in englischer Sprache bereitgestellt.<\/p>\r\n\r\n\r\n\r\n<h2 class=\"wp-block-heading\">Dauer Ihres Aufenthaltes<\/h2>\r\n\r\n\r\n\r\n<p>Die Dauer Ihres Aufenthaltes h\u00e4ngt von Ihrem individuellen Behandlungsplan ab. (Detaillierte Informationen erhalten Sie vor Ihrer Ankunft.)<\/p>\r\n\r\n\r\n\r\n<p>Internationale Patienten aus der ganzen Welt werden von unseren hochqualifizierten, freundlichen Teammitgliedern in unserem Krankenhaus unterst\u00fctzt.<\/p>\r\n\r\n\r\n\r\n<p>Das Team des International Patient Center wird Sie bei jedem Schritt Ihrer Behandlungsreise begleiten \u2013 vor, w\u00e4hrend und nach Ihrem Aufenthalt in Istanbul.<\/p>\r\n\r\n\r\n\r\n<p>Wir sind hier, um unsere Patienten mit personalisierten Pflege- und Behandlungspl\u00e4nen zu unterst\u00fctzen und sicherzustellen, dass Sie vor, w\u00e4hrend und nach Ihrem Besuch betreut und unterst\u00fctzt werden.<\/p>\r\n\r\n\r\n\r\n<p>Wir unterst\u00fctzen internationale Patienten mit Unterkunft, Reisearrangements vor Ort, Dolmetscherdiensten und schnellem Zugang zu Arztterminen.<\/p>\r\n\r\n<p>&nbsp;<\/p>\r\n<div class=\"container\">\r\n<div class=\"row\">\r\n<div class=\"col-12 col-sm-8\" style=\"padding: 8px;\"><img decoding=\"async\" class=\"center\" style=\"border: 3px #F58665 solid;\" src=\"http:\/\/baudentalinternational.com\/wp-content\/uploads\/2022\/12\/harita.png\" alt=\"map\" \/><\/div>\r\n<div class=\"col col-sm-4\" style=\"padding: 8px; margin: 0;\">\r\n<div class=\"leaf center\" style=\"background-color: #f58665; color: white;\">\r\n<h6 style=\"text-align: center;\">AIRPORT (BY CAR)<\/h6>\r\n<\/div>\r\n<p><strong class=\"padLeft25\">IGA<\/strong><\/p>\r\n<p class=\"padLeft25\">37.5 KM &#8211; 33 MINUTE<\/p>\r\n<p><strong class=\"padLeft25\">SABIHA GOKCEN<\/strong><\/p>\r\n<p class=\"padLeft25\">42.2 KM &#8211; 44 MINUTE<\/p>\r\n<div class=\"leaf center\" style=\"background-color: #1986ae; color: white;\">\r\n<h6 style=\"text-align: center;\">SIGHT SEEING (BY CAR)<\/h6>\r\n<\/div>\r\n<p><strong class=\"padLeft25\">DOLMABAH\u00c7E SARAYI<\/strong><\/p>\r\n<p class=\"padLeft25\">4.1 KM &#8211; 10 MINUTE<\/p>\r\n<p><strong class=\"padLeft25\">GRAND BAZAAR<\/strong><\/p>\r\n<p class=\"padLeft25\">7.5 KM &#8211; 28 MINUTE<\/p>\r\n<p><strong class=\"padLeft25\">ORTAK\u00d6Y<\/strong><\/p>\r\n<p class=\"padLeft25\">3 KM &#8211; 8 MINUTE<\/p>\r\n<p><strong class=\"padLeft25\">TAKSIM SQUARE<\/strong><\/p>\r\n<p class=\"padLeft25\">4.8 KM &#8211; 10 MINUTE<\/p>\r\n<div class=\"leaf center\" style=\"background-color: #fcb955; color: white;\">\r\n<h6 style=\"text-align: center;\">SHOPPING (BY CAR)<\/h6>\r\n<\/div>\r\n<p><strong class=\"padLeft25\">ZORLU SHOPPING MALL<\/strong><\/p>\r\n<p class=\"padLeft25\">2 KM &#8211; 5 MINUTE<\/p>\r\n<p><strong class=\"padLeft25\">KANYON SHOPPING MALL<\/strong><\/p>\r\n<p class=\"padLeft25\">5 KM &#8211; 15 MINUTE<\/p>\r\n<p><strong class=\"padLeft25\">CEVAHIR SHOPPING MALL<\/strong><\/p>\r\n<p class=\"padLeft25\">3 KM &#8211; 10 MINUTE<\/p>\r\n<div class=\"leaf center\" style=\"background-color: #54a5d5; color: white;\">\r\n<h6 style=\"text-align: center;\">HOTEL (WALKING DISTANCE)<\/h6>\r\n<\/div>\r\n<p><strong class=\"padLeft25\">M\u00d6VENPICK<\/strong><\/p>\r\n<p class=\"padLeft25\">260 M &#8211; 3 MINUTE<\/p>\r\n<p><strong class=\"padLeft25\">POINT<\/strong><\/p>\r\n<p class=\"padLeft25\">7.5 KM &#8211; 28 MINUTE<\/p>\r\n<p><strong class=\"padLeft25\">REN.POLAT<\/strong><\/p>\r\n<p class=\"padLeft25\">170 M &#8211; 2 MINUTE<\/p>\r\n<p><strong class=\"padLeft25\">CONRAD<\/strong><\/p>\r\n<p class=\"padLeft25\">1.6 KM &#8211; 19 MINUTE<\/p>\r\n<\/div>\r\n<\/div>\r\n<\/div>\r\n<p>&nbsp;<\/p>","protected":false},"excerpt":{"rendered":"<p>Behandlungsplan &amp; Termin Schicken Sie uns Ihre pers\u00f6nlichen Daten und Krankenakten . Wir werden unser medizinisches Personal konsultieren und uns innerhalb von 24 Stunden mit Ihnen in Verbindung setzen. Wir werden einen geeigneten Behandlungsplan, eine Kostensch\u00e4tzung und die Aufenthaltsdauer mit Ihnen teilen. Sie k\u00f6nnen auch direkt einen Termin per E-Mail an internationalpatient@dent.bau.edu.tr anfragen. Der Termin [&hellip;]<\/p>\n","protected":false},"author":1,"featured_media":0,"parent":0,"menu_order":0,"comment_status":"closed","ping_status":"closed","template":"","meta":{"slim_seo":{"title":"Zahnreise - BAU Dental Hospital","description":"Behandlungsplan &amp; Termin Schicken Sie uns Ihre pers\u00f6nlichen Daten und Krankenakten . Wir werden unser medizinisches Personal konsultieren und uns innerhalb"},"footnotes":""},"class_list":["post-895","page","type-page","status-publish","hentry"],"_links":{"self":[{"href":"https:\/\/baudentalinternational.com\/de\/wp-json\/wp\/v2\/pages\/895","targetHints":{"allow":["GET"]}}],"collection":[{"href":"https:\/\/baudentalinternational.com\/de\/wp-json\/wp\/v2\/pages"}],"about":[{"href":"https:\/\/baudentalinternational.com\/de\/wp-json\/wp\/v2\/types\/page"}],"author":[{"embeddable":true,"href":"https:\/\/baudentalinternational.com\/de\/wp-json\/wp\/v2\/users\/1"}],"replies":[{"embeddable":true,"href":"https:\/\/baudentalinternational.com\/de\/wp-json\/wp\/v2\/comments?post=895"}],"version-history":[{"count":5,"href":"https:\/\/baudentalinternational.com\/de\/wp-json\/wp\/v2\/pages\/895\/revisions"}],"predecessor-version":[{"id":3781,"href":"https:\/\/baudentalinternational.com\/de\/wp-json\/wp\/v2\/pages\/895\/revisions\/3781"}],"wp:attachment":[{"href":"https:\/\/baudentalinternational.com\/de\/wp-json\/wp\/v2\/media?parent=895"}],"curies":[{"name":"wp","href":"https:\/\/api.w.org\/{rel}","templated":true}]}}