{"id":4021,"date":"2022-08-31T01:35:11","date_gmt":"2022-08-31T01:35:11","guid":{"rendered":"https:\/\/baudentalinternational.com\/contact-us\/"},"modified":"2025-07-17T04:28:11","modified_gmt":"2025-07-17T04:28:11","slug":"%d8%aa%d9%85%d8%a7%d8%b3-%d8%a8%d8%a7-%d9%85%d8%a7","status":"publish","type":"page","link":"https:\/\/baudentalinternational.com\/fa\/%d8%aa%d9%85%d8%a7%d8%b3-%d8%a8%d8%a7-%d9%85%d8%a7\/","title":{"rendered":"\u062a\u0645\u0627\u0633 \u0628\u0627 \u0645\u0627"},"content":{"rendered":"<h2 style=\"text-align: center;\"><strong>Our Address<\/strong><\/h2>\n<h5 style=\"text-align: center;\">Gayrettepe Mahallesi, Barbaros Bulvar\u0131, No 153 Be\u015fikta\u015f\/\u0130stanbul<\/h5>\n<h5 style=\"text-align: center;\">+90 531 886 73 82<\/h5>\n<h5 style=\"text-align: center;\">internationalpatient@dent.bau.edu.tr<\/h5>\n<p>&nbsp;<\/p>\n<h2 style=\"text-align: center;\"><strong>Berlin Office\u00a0<\/strong><\/h2>\n<h5 style=\"text-align: center;\">Marktgrafenstrasse 37<\/h5>\n<h5 style=\"text-align: center;\">10117 Berlin<\/h5>\n<h3><\/h3>\n<h4><\/h4>\n<p>&nbsp;<\/p>\n<h4><\/h4>\n<h4 style=\"text-align: center;\">For more information please scan our QR Code<\/h4>\n<h1><\/h1>\n<h1 style=\"text-align: center;\"><strong>\ud83e\udc17<\/strong><\/h1>\n<h1 style=\"text-align: center;\">\u00a0 \u00a0 \u00a0 \u00a0 \u00a0 \u00a0 \u00a0 \u00a0 \u00a0 \u00a0 \u00a0 \u00a0 \u00a0 \u00a0 \u00a0 \u00a0 \u00a0 \u00a0 \u00a0 \u00a0 \u00a0 \u00a0 \u00a0 \u00a0 \u00a0 \u00a0 \u00a0 \u00a0 \u00a0 \u00a0 \u00a0 \u00a0 \u00a0 \u00a0 \u00a0 \u00a0 \u00a0 \u00a0 \u00a0 \u00a0 \u00a0 \u00a0 \u00a0 \u00a0 \u00a0 \u00a0 \u00a0 \u00a0 \u00a0 \u00a0 \u00a0 \u00a0 \u00a0 \u00a0 \u00a0 \u00a0 \u00a0 \u00a0 \u00a0 \u00a0 \u00a0 \u00a0 \u00a0 \u00a0 \u00a0 \u00a0 \u00a0 \u00a0 \u00a0 \u00a0 \u00a0 \u00a0 \u00a0 \u00a0 \u00a0 \u00a0 \u00a0 \u00a0 \u00a0 \u00a0 \u00a0 \u00a0 \u00a0 \u00a0 \u00a0 \u00a0 \u00a0 \u00a0 \u00a0 \u00a0 \u00a0 \u00a0 <img loading=\"lazy\" decoding=\"async\" class=\"alignleft wp-image-1299 size-medium\" src=\"https:\/\/baudentalinternational.com\/wp-content\/uploads\/2023\/07\/Linktr.ee-QR-1-289x300.png\" alt=\"\" width=\"289\" height=\"300\" srcset=\"https:\/\/baudentalinternational.com\/wp-content\/uploads\/2023\/07\/Linktr.ee-QR-1-289x300.png 289w, https:\/\/baudentalinternational.com\/wp-content\/uploads\/2023\/07\/Linktr.ee-QR-1.png 392w\" sizes=\"auto, (max-width: 289px) 100vw, 289px\" \/><\/h1>\n","protected":false},"excerpt":{"rendered":"<p>Our Address Gayrettepe Mahallesi, Barbaros Bulvar\u0131, No 153 Be\u015fikta\u015f\/\u0130stanbul +90 531 886 73 82 internationalpatient@dent.bau.edu.tr &nbsp; Berlin Office\u00a0 Marktgrafenstrasse 37 10117 Berlin &nbsp; For more information please scan our QR Code \ud83e\udc17 \u00a0 \u00a0 \u00a0 \u00a0 \u00a0 \u00a0 \u00a0 \u00a0 \u00a0 \u00a0 \u00a0 \u00a0 \u00a0 \u00a0 \u00a0 \u00a0 \u00a0 \u00a0 \u00a0 \u00a0 \u00a0 \u00a0 \u00a0 [&hellip;]<\/p>\n","protected":false},"author":1,"featured_media":0,"parent":0,"menu_order":0,"comment_status":"closed","ping_status":"closed","template":"page-templates\/page-contact-us.php","meta":{"slim_seo":{"title":"\u062a\u0645\u0627\u0633 \u0628\u0627 \u0645\u0627 - BAU Dental Hospital","description":"Our Address Gayrettepe Mahallesi, Barbaros Bulvar\u0131, No 153 Be\u015fikta\u015f\/\u0130stanbul +90 531 886 73 82 internationalpatient@dent.bau.edu.tr &nbsp; Berlin Office\u00a0 Marktg"},"footnotes":""},"class_list":["post-4021","page","type-page","status-publish","hentry"],"_links":{"self":[{"href":"https:\/\/baudentalinternational.com\/fa\/wp-json\/wp\/v2\/pages\/4021","targetHints":{"allow":["GET"]}}],"collection":[{"href":"https:\/\/baudentalinternational.com\/fa\/wp-json\/wp\/v2\/pages"}],"about":[{"href":"https:\/\/baudentalinternational.com\/fa\/wp-json\/wp\/v2\/types\/page"}],"author":[{"embeddable":true,"href":"https:\/\/baudentalinternational.com\/fa\/wp-json\/wp\/v2\/users\/1"}],"replies":[{"embeddable":true,"href":"https:\/\/baudentalinternational.com\/fa\/wp-json\/wp\/v2\/comments?post=4021"}],"version-history":[{"count":1,"href":"https:\/\/baudentalinternational.com\/fa\/wp-json\/wp\/v2\/pages\/4021\/revisions"}],"predecessor-version":[{"id":4022,"href":"https:\/\/baudentalinternational.com\/fa\/wp-json\/wp\/v2\/pages\/4021\/revisions\/4022"}],"wp:attachment":[{"href":"https:\/\/baudentalinternational.com\/fa\/wp-json\/wp\/v2\/media?parent=4021"}],"curies":[{"name":"wp","href":"https:\/\/api.w.org\/{rel}","templated":true}]}}