{"id":848,"date":"2022-08-31T01:28:12","date_gmt":"2022-08-31T01:28:12","guid":{"rendered":"https:\/\/baudentalinternational.com\/our-educational-strenght\/"},"modified":"2023-11-26T22:00:41","modified_gmt":"2023-11-26T22:00:41","slug":"notre-force-en-matiere-deducation","status":"publish","type":"page","link":"https:\/\/baudentalinternational.com\/fr\/notre-force-en-matiere-deducation\/","title":{"rendered":"Notre Force En Mati\u00e8re D&#8217;\u00e9ducation"},"content":{"rendered":"<link href='https:\/\/fonts.googleapis.com\/css?family=Muli' rel='stylesheet' type='text\/css'>\n<html xmlns=\"http:\/\/www.w3.org\/1999\/xhtml\" lang=\"fr\" xml:lang=\"fr\"><\/p>\n<p><head>\n    <link rel=\"stylesheet\" href=\"shape.css\" type=\"text\/css\" media=\"screen\">\n<p>    <title><br \/>\n        disListLeftToRight<br \/>\n    <\/title><\/p>\n<link rel=\"stylesheet\" href=\"https:\/\/stackpath.bootstrapcdn.com\/bootstrap\/4.3.1\/css\/bootstrap.min.css\"\n        integrity=\"sha384-ggOyR0iXCbMQv3Xipma34MD+dH\/1fQ784\/j6cY\/iJTQUOhcWr7x9JvoRxT2MZw1T\" crossorigin=\"anonymous\"><\/p>\n<p>    <script src=\"https:\/\/kit.fontawesome.com\/yourcode.js\" crossorigin=\"anonymous\"><\/script><\/p>\n<link rel=\"stylesheet\" href=\"https:\/\/baudentalinternational.com\/wp-content\/uploads\/2022\/12\/style2.css\">\n<p><\/head><\/p>\n<p><body><\/p>\n<div class=\"container\">\n<div class=\"row\">\n<p style=\"text-align: center; margin-bottom: 80px;\"><iframe loading=\"lazy\" title=\"BAU Global\" src=\"https:\/\/www.youtube.com\/embed\/XESmqfQlIU0\" width=\"873\" height=\"491\" frameborder=\"0\" allowfullscreen=\"allowfullscreen\"><\/iframe><\/p>\n<p style=\"text-align: center; margin-bottom: 80px;\"><iframe loading=\"lazy\" title=\"BAU Global Tan\u0131t\u0131m 2023\" src=\"https:\/\/www.youtube.com\/embed\/mTND5jY_acA\" width=\"873\" height=\"491\" frameborder=\"0\" allowfullscreen=\"allowfullscreen\"><\/iframe><\/p>\n<\/p><\/div>\n<\/p><\/div>\n<div class=\"container\">\n<div class=\"row\">\n<div class=\"col\">\n<div class=\"kielyleafa\" style=\"color: white;\">\n<p style=\"padding: 42%;padding-top:26%; font-size: xx-large; margin: 0;\">5<\/p>\n<\/p><\/div>\n<div class=\"kielystalk\" style=\"color: #0D528F;\">\n<p style=\"padding-left: 15px; padding-top: 15px;\">PROFESSEUR<\/p>\n<\/p><\/div>\n<\/p><\/div>\n<div class=\"col\">\n<div class=\"kielyleafa\" style=\"color: white; background-color: #FEB839;\">\n<p style=\"padding: 42%;padding-top:26%; font-size: xx-large; margin: 0;\">6<\/p>\n<\/p><\/div>\n<div class=\"kielystalk\" style=\"color: #0D528F; background-color: #FEB839;\">\n<p style=\"padding-left: 15px; padding-top: 15px;\">LABORATOIRES<\/p>\n<\/p><\/div>\n<\/p><\/div>\n<div class=\"col\">\n<div class=\"kielyleafa\" style=\"color: white; background-color: #0094DA;\">\n<p style=\"padding: 32%;padding-top:26%; font-size: xx-large; margin: 0;\">14<\/p>\n<\/p><\/div>\n<div class=\"kielystalk\" style=\"background-color: #0094DA; color: #0D528F;\">\n<p style=\"padding-left: 15px; padding-top: 15px;\">ASSISTANT DE RECHERCHE<\/p>\n<\/p><\/div>\n<\/p><\/div>\n<div class=\"col\">\n<div class=\"kielyleafa\" style=\"color: white; background-color: #FEB839;\">\n<p style=\"padding: 32%;padding-top:26%; font-size: xx-large; margin: 0;\">11<\/p>\n<\/p><\/div>\n<div class=\"kielystalk\" style=\"background-color: #FEB839; color: #0D528F;\">\n<p style=\"padding-left: 15px; padding-top: 15px;\">LECTURER<\/p>\n<\/p><\/div>\n<\/p><\/div>\n<div class=\"col\">\n<div class=\"kielyleafa\" style=\"color: white;\">\n<p style=\"padding: 32%;padding-top:28%; font-size: xx-large; margin: 0;\">14<\/p>\n<\/p><\/div>\n<div class=\"kielystalk\">\n<p style=\"padding-left: 15px; padding-top: 15px; color: #0D528F;\">PROFESSEUR ASSISTANT<\/p>\n<\/p><\/div>\n<\/p><\/div>\n<div class=\"col\">\n<div class=\"kielyleafa\" style=\"color: white; background-color: #0094DA;\">\n<p style=\"padding: 42%;padding-top:28%; font-size: xx-large; margin: 0;\">6<\/p>\n<\/p><\/div>\n<div class=\"kielystalk\" style=\"background-color: #0094DA;\">\n<p style=\"padding-left: 15px; padding-top: 15px; color: #0D528F;\">PROFESSEUR ASSOCI\u00c9<\/p>\n<\/p><\/div>\n<\/p><\/div>\n<\/p><\/div>\n<\/p><\/div>\n<div class=\"container\">\n<p><\/p>\n<div style=\"display: flex; flex-direction: row;\">\n<h2 style=\"color: #0D528F; font-weight:bold;\">Laboratoires<\/h2>\n<hr style=\"width:75%; border-color: #0094DA; border-width: 2px; margin-top: 20px;\">\n        <\/div>\n<\/p><\/div>\n<div class=\"container\">\n<p><\/p>\n<div class=\"row\">\n<div class=\"col\">\n<div class=\"leafWideTopLef\" style=\"color: #0D528F; display: flex;\">\n<div class=\"leafLookingRightDown\" style=\"background-color: #FEB839;\"><img decoding=\"async\"\n                            src=\"http:\/\/baudentalinternational.com\/wp-content\/uploads\/2022\/12\/4_1.png\"\n                            style=\"padding: 25%\">\n                    <\/div>\n<p style=\"color: #0D528F; margin: auto; word-wrap: break-word; width:150px;\">LABORATOIRE DE COMP\u00c9TENCES CLINIQUES\n                    <\/p>\n<\/p><\/div>\n<\/p><\/div>\n<div class=\"col\">\n<div class=\"leafWideTopCenter\" style=\"color: #0D528F; display: flex;\">\n<div class=\"leafLookingRightUp\" style=\"background-color: #D2E56E;\"><img decoding=\"async\"\n                            src=\"http:\/\/baudentalinternational.com\/wp-content\/uploads\/2022\/12\/6_1.png\"\n                            style=\"padding: 25%\"><\/div>\n<p style=\"color: #0D528F; margin: auto; word-wrap: break-word; width:150px;\">LABORATOIRE DE SIMULATION\n                    <\/p>\n<\/p><\/div>\n<\/p><\/div>\n<div class=\"col\">\n<div class=\"leafWideDownLeft\" style=\"color: #0D528F; display: flex;\">\n<div class=\"leafLookingRightUp\" style=\"background-color: #FEB839;\"><img decoding=\"async\"\n                            src=\"http:\/\/baudentalinternational.com\/wp-content\/uploads\/2022\/12\/1_1.png\"\n                            style=\"padding: 25%\">\n                    <\/div>\n<p style=\"color: #0D528F; margin: auto; word-wrap: break-word; width:150px;\">LABORATOIRE DE DENTISTERIE NUM\u00c9RIQUE\n                    <\/p>\n<\/p><\/div>\n<\/p><\/div>\n<\/p><\/div>\n<p><\/p>\n<div class=\"row\">\n<div class=\"col\">\n<div class=\"leafWideDownLeft\" style=\"color: #0D528F; display: flex;\">\n<div class=\"leafLookingRightUp\" style=\"background-color: #D2E56E;\"><img decoding=\"async\"\n                            src=\"http:\/\/baudentalinternational.com\/wp-content\/uploads\/2022\/12\/5_1.png\"\n                            style=\"padding: 25%\"><\/div>\n<p style=\"color: #0D528F; margin: auto; word-wrap: break-word; width:150px;\">DENTAIRE NUM\u00c9RIQUE<br \/>\n                        TECHNOLOGY LAB\n                    <\/p>\n<\/p><\/div>\n<\/p><\/div>\n<div class=\"col\">\n<div class=\"leafWideDownCenter\" style=\"color: #0D528F; display: flex;\">\n<div class=\"leafLookingRightDown\" style=\"background-color: #FEB839;\"><img decoding=\"async\"\n                            src=\"http:\/\/baudentalinternational.com\/wp-content\/uploads\/2022\/12\/3_1.png\"\n                            style=\"padding: 25%\"><\/div>\n<p style=\"color: #0D528F; margin: auto; word-wrap: break-word; width:150px;\">LABORATOIRE DE PROSHTETIQUE NUM\u00c9RIQUE\n                    <\/p>\n<\/p><\/div>\n<\/p><\/div>\n<div class=\"col\">\n<div class=\"leafWideTopLef\" style=\"color: #0D528F; display: flex;\">\n<div class=\"leafLookingRightDown\" style=\"background-color: #D2E56E;\"><img decoding=\"async\"\n                            src=\"http:\/\/baudentalinternational.com\/wp-content\/uploads\/2022\/12\/2_1.png\"\n                            style=\"padding: 27%\"><\/div>\n<p style=\"color: #0D528F; margin: auto; word-wrap: break-word; width:150px;\">LABORATOIRE DE SIMULATEURS HAPTIQUES\n                    <\/p>\n<\/p><\/div>\n<\/p><\/div>\n<\/p><\/div>\n<\/p><\/div>\n<div class=\"container\">\n<p><\/p>\n<div class=\"row\">\n<div class=\"col\">\n<div style=\"display: flex; flex-direction: row;\">\n<h2 style=\"color: #0D528F; font-weight:bold;\">Cliniques<\/h2>\n<hr style=\"width:55%; border-color: #0094DA; border-width: 2px; margin-top: 20px;\">\n                <\/div>\n<\/p><\/div>\n<div class=\"col\">\n<div class=\"leafWideTopLef\" style=\"color: white; display: flex;\">\n<div class=\"kielyleafa\" style=\"background-color: #0094DA;\">\n<p style=\"padding: 42%;padding-top:28%; font-size: xx-large; margin: 0;\">3<\/p>\n<\/p><\/div>\n<p style=\"color: #0D528F; margin: auto; word-wrap: break-word; width:150px;\">CLINIQUE POUR \u00c9TUDIANTS<\/p>\n<\/p><\/div>\n<\/p><\/div>\n<div class=\"col\">\n<div class=\"leafWideTopLef\" style=\"color: white; display: flex;\">\n<div class=\"kielyleafa\" style=\"background-color: #0094DA;\">\n<p style=\"padding: 42%;padding-top:28%; font-size: xx-large; margin: 0;\">4<\/p>\n<\/p><\/div>\n<p style=\"color: #0D528F; margin: auto; word-wrap: break-word; width:150px;\">CLINIQUE DE LA FACULT\u00c9 ET DU PERSONNEL\n                    <\/p>\n<\/p><\/div>\n<\/p><\/div>\n<\/p><\/div>\n<\/p><\/div>\n<p><\/body><\/p>\n<p><\/html><\/p>\n","protected":false},"excerpt":{"rendered":"<p>disListLeftToRight 5 PROFESSEUR 6 LABORATOIRES 14 ASSISTANT DE RECHERCHE 11 LECTURER 14 PROFESSEUR ASSISTANT 6 PROFESSEUR ASSOCI\u00c9 Laboratoires LABORATOIRE DE COMP\u00c9TENCES CLINIQUES LABORATOIRE DE SIMULATION LABORATOIRE DE DENTISTERIE NUM\u00c9RIQUE DENTAIRE NUM\u00c9RIQUE TECHNOLOGY LAB LABORATOIRE DE PROSHTETIQUE NUM\u00c9RIQUE LABORATOIRE DE SIMULATEURS HAPTIQUES Cliniques 3 CLINIQUE POUR \u00c9TUDIANTS 4 CLINIQUE DE LA FACULT\u00c9 ET DU PERSONNEL<\/p>\n","protected":false},"author":1,"featured_media":0,"parent":0,"menu_order":0,"comment_status":"closed","ping_status":"closed","template":"","meta":{"slim_seo":{"title":"Notre Force En Mati\u00e8re D'\u00e9ducation - BAU Dental Hospital","description":"disListLeftToRight 5 PROFESSEUR 6 LABORATOIRES 14 ASSISTANT DE RECHERCHE 11 LECTURER 14 PROFESSEUR ASSISTANT 6 PROFESSEUR ASSOCI\u00c9 Laboratoires LABORATOIRE DE CO"},"footnotes":""},"class_list":["post-848","page","type-page","status-publish","hentry"],"_links":{"self":[{"href":"https:\/\/baudentalinternational.com\/fr\/wp-json\/wp\/v2\/pages\/848","targetHints":{"allow":["GET"]}}],"collection":[{"href":"https:\/\/baudentalinternational.com\/fr\/wp-json\/wp\/v2\/pages"}],"about":[{"href":"https:\/\/baudentalinternational.com\/fr\/wp-json\/wp\/v2\/types\/page"}],"author":[{"embeddable":true,"href":"https:\/\/baudentalinternational.com\/fr\/wp-json\/wp\/v2\/users\/1"}],"replies":[{"embeddable":true,"href":"https:\/\/baudentalinternational.com\/fr\/wp-json\/wp\/v2\/comments?post=848"}],"version-history":[{"count":14,"href":"https:\/\/baudentalinternational.com\/fr\/wp-json\/wp\/v2\/pages\/848\/revisions"}],"predecessor-version":[{"id":1556,"href":"https:\/\/baudentalinternational.com\/fr\/wp-json\/wp\/v2\/pages\/848\/revisions\/1556"}],"wp:attachment":[{"href":"https:\/\/baudentalinternational.com\/fr\/wp-json\/wp\/v2\/media?parent=848"}],"curies":[{"name":"wp","href":"https:\/\/api.w.org\/{rel}","templated":true}]}}