{"id":871,"date":"2022-08-31T01:30:45","date_gmt":"2022-08-31T01:30:45","guid":{"rendered":"https:\/\/baudentalinternational.com\/our-technology\/"},"modified":"2024-01-11T13:05:37","modified_gmt":"2024-01-11T13:05:37","slug":"unsere-technologie","status":"publish","type":"page","link":"https:\/\/baudentalinternational.com\/fr\/unsere-technologie\/","title":{"rendered":"Notre Technologie"},"content":{"rendered":"<h2><strong>Imprimantes Tridimensionnelles<\/strong><\/h2>\n<p>L&#8217;impression tridimensionnelle, alias la fabrication additive, est une technologie de fabrication avanc\u00e9e. Dans les syst\u00e8mes CAO-FAO, les restaurations peuvent \u00eatre produites \u00e0 l&#8217;aide de dispositifs qui usinent diff\u00e9rents types de blocs dentaires, et aujourd&#8217;hui, les restaurations peuvent \u00eatre produites couche par couche avec la technologie d&#8217;impression actuelle. En effet, il est possible, gr\u00e2ce \u00e0 ce syst\u00e8me, de mettre en production une conception num\u00e9rique 3D r\u00e9alis\u00e9e n&#8217;importe o\u00f9 dans le monde \u00e0 l&#8217;aide d&#8217;une imprimante 3D situ\u00e9e dans la clinique. Cela rend possible un service dentaire mondial. La technique de fabrication additive permet de produire de nombreuses restaurations et appareils, tels que des inlays, des onlays, des facettes, des couronnes, des bridges, des proth\u00e8ses amovibles, des attelles, des guides chirurgicaux, des aligneurs, etc.<\/p>\n<p><strong>Avantages des imprimantes 3D<\/strong><\/p>\n<p><img loading=\"lazy\" decoding=\"async\" class=\"wp-image-299 alignright\" src=\"http:\/\/baudentalinternational.com\/wp-content\/uploads\/2022\/11\/Picture1.png\" alt=\"\" width=\"94\" height=\"250\" srcset=\"https:\/\/baudentalinternational.com\/wp-content\/uploads\/2022\/11\/Picture1.png 302w, https:\/\/baudentalinternational.com\/wp-content\/uploads\/2022\/11\/Picture1-113x300.png 113w\" sizes=\"auto, (max-width: 94px) 100vw, 94px\" \/><\/p>\n<ul>\n<li>Rentable<\/li>\n<li>Efficace dans le temps<\/li>\n<li>Des proc\u00e9dures cliniques simplifi\u00e9es<\/li>\n<li>Restaurations tr\u00e8s pr\u00e9cises<\/li>\n<li>Restaurations produites avec pr\u00e9cision<\/li>\n<li>Biocompatible<\/li>\n<li>Caract\u00e8re esth\u00e9tique satisfaisant<\/li>\n<\/ul>\n<p><strong>1. (Nom de marque : WaterLase iPlus) &#8211; ErCr YSGG : Appareil laser pour tissus durs et mous<\/strong><\/p>\n<p><img loading=\"lazy\" decoding=\"async\" class=\"size-full wp-image-304 aligncenter\" src=\"http:\/\/baudentalinternational.com\/wp-content\/uploads\/2022\/11\/m1.jpg\" alt=\"\" width=\"255\" height=\"468\" srcset=\"https:\/\/baudentalinternational.com\/wp-content\/uploads\/2022\/11\/m1.jpg 255w, https:\/\/baudentalinternational.com\/wp-content\/uploads\/2022\/11\/m1-163x300.jpg 163w\" sizes=\"auto, (max-width: 255px) 100vw, 255px\" \/><\/p>\n<p><strong>2. (Nom de marque : SOLASE Dental Diode Laser) &#8211; Laser \u00e0 diode : Dispositif laser pour les tissus mous<\/strong><\/p>\n<p><img loading=\"lazy\" decoding=\"async\" class=\"size-large wp-image-305 alignleft\" src=\"http:\/\/baudentalinternational.com\/wp-content\/uploads\/2022\/11\/m2.jpg\" alt=\"\" width=\"605\" height=\"434\" srcset=\"https:\/\/baudentalinternational.com\/wp-content\/uploads\/2022\/11\/m2.jpg 605w, https:\/\/baudentalinternational.com\/wp-content\/uploads\/2022\/11\/m2-300x215.jpg 300w\" sizes=\"auto, (max-width: 605px) 100vw, 605px\" \/><\/p>\n<p><strong>3. (Nom de marque : Sololase Pro Laser )- Laser \u00e0 diode : Dispositif laser pour les tissus mous<\/strong><\/p>\n<h2><img loading=\"lazy\" decoding=\"async\" class=\"size-full wp-image-306 alignleft\" src=\"http:\/\/baudentalinternational.com\/wp-content\/uploads\/2022\/11\/m2.png\" alt=\"\" width=\"491\" height=\"434\" srcset=\"https:\/\/baudentalinternational.com\/wp-content\/uploads\/2022\/11\/m2.png 491w, https:\/\/baudentalinternational.com\/wp-content\/uploads\/2022\/11\/m2-300x265.png 300w\" sizes=\"auto, (max-width: 491px) 100vw, 491px\" \/><\/h2>\n<h2><\/h2>\n<h2><\/h2>\n<h2><\/h2>\n<h2><\/h2>\n<h2><\/h2>\n<h2><\/h2>\n<h2><\/h2>\n<h2><\/h2>\n<h2><\/h2>\n<p><strong>Technologie CAO\/FAO<\/strong><\/p>\n<p>L&#8217;application de la CAO\/FAO en dentisterie est le processus par lequel on obtient une restauration dentaire finie gr\u00e2ce \u00e0 un processus de fraisage fin de blocs de c\u00e9ramique pr\u00eats \u00e0 l&#8217;emploi. CAO\/FAO est un acronyme des mots anglais Computer-Aided-Design (CAD) \/ Computer-Aided-Manufacture (CAM), respectivement conception dentaire assist\u00e9e par ordinateur et fabrication assist\u00e9e par ordinateur de facettes, inlays, onlays, couronnes, bridges et proth\u00e8ses dentaires amovibles. Elle permet de standardiser les protocoles de fabrication des proth\u00e8ses et de raccourcir le processus de traitement.<\/p>\n<p><strong>Avantages de la CAO \/ FAO:<\/strong><\/p>\n<p><img loading=\"lazy\" decoding=\"async\" class=\"wp-image-300 alignright\" src=\"http:\/\/baudentalinternational.com\/wp-content\/uploads\/2022\/11\/Picture2.png\" alt=\"\" width=\"162\" height=\"209\" srcset=\"https:\/\/baudentalinternational.com\/wp-content\/uploads\/2022\/11\/Picture2.png 684w, https:\/\/baudentalinternational.com\/wp-content\/uploads\/2022\/11\/Picture2-233x300.png 233w\" sizes=\"auto, (max-width: 162px) 100vw, 162px\" \/><\/p>\n<ul>\n<li>Passer moins de temps \u00e0 la clinique<\/li>\n<li>Proc\u00e9dure simplifi\u00e9e<\/li>\n<li>Restaurations produites avec pr\u00e9cision<\/li>\n<li>Op\u00e9rer plus efficacement<\/li>\n<li>Augmenter la satisfaction des utilisateurs\/patients<\/li>\n<li>Syst\u00e8mes Laser Dentaires<\/li>\n<li>Extr\u00eamement biocompatible<\/li>\n<\/ul>\n<h2>SYST\u00c8MES LASER DENTAIRES<\/h2>\n<p>En dentisterie, le laser est utilis\u00e9 dans les traitements des tissus mous et durs avec pour fonction de chauffer, vaporiser ou couper le tissu avec lequel l&#8217;\u00e9nergie lumineuse entre en contact. Le but de l&#8217;utilisation du laser est de faire en sorte que la sensation de douleur qui peut survenir chez le patient soit \u00e0 un niveau minimal, et de r\u00e9aliser des traitements qui prot\u00e8gent les tissus sains et ont des propri\u00e9t\u00e9s curatives. Il existe une grande vari\u00e9t\u00e9 de traitements dentaires au laser qui peuvent aider \u00e0 prendre soin de tous les aspects des dents et des gencives.<\/p>\n<p><strong>Traitements qui peuvent \u00eatre effectu\u00e9s avec les syst\u00e8mes de laser dentaire:<\/strong><\/p>\n<ul>\n<li>Traitement de l&#8217;hypersensibilit\u00e9 \u00e0 la dentine<\/li>\n<li>Suppression des caries<\/li>\n<li>Traitements endodontiques<\/li>\n<li>Cicatrisation des plaies<\/li>\n<li>Traitements chirurgicaux parodontaux<\/li>\n<li>Chirurgies osseuses<\/li>\n<li>D\u00e9pigmentation des gencives<\/li>\n<li>Extraction des tissus pathologiques<\/li>\n<li>Allongement de la couronne<\/li>\n<li>Fr\u00e9nectomie et fr\u00e9notomie<\/li>\n<li>Traitement de la mucite buccale<\/li>\n<li>Extraction des tissus \u0153d\u00e9mateux enflamm\u00e9s<\/li>\n<li>Traitement des alv\u00e9oles s\u00e8ches<\/li>\n<\/ul>\n<p><strong>Avantages des syst\u00e8mes de laser dentaire:<\/strong><\/p>\n<ul>\n<li>Principe du traitement mini-invasif<\/li>\n<li>Moins de saignements dans les tissus mous<\/li>\n<li>Moins de douleur ou pas besoin d&#8217;anesth\u00e9sie<\/li>\n<li>Moins de traumatisme, gu\u00e9rison plus rapide<\/li>\n<li>Effet de d\u00e9sinfection<\/li>\n<li>Pas de vibration ou de bruit<\/li>\n<li>Proc\u00e9dure de gain de temps<\/li>\n<\/ul>\n<h2>Scanner Intra-Oral<\/h2>\n<p>Le scanner intra-oral (IOS) est un appareil utilis\u00e9 en dentisterie pour prendre des empreintes num\u00e9riques. Ind\u00e9pendamment des techniques et des mat\u00e9riaux utilis\u00e9s dans les m\u00e9thodes d&#8217;empreinte traditionnelles, les empreintes num\u00e9riques sont r\u00e9alis\u00e9es en quelques secondes, ce qui permet d&#8217;optimiser \u00e0 la fois la pr\u00e9cision et le confort du patient. Les scanners intra-oraux permettent un flux de travail num\u00e9rique complet dans lequel les conceptions 3D des restaurations sont r\u00e9alis\u00e9es, puis produites avec pr\u00e9cision sur des dispositifs de fraisage ou d&#8217;impression 3D. En plus, les empreintes num\u00e9riques permettent de d\u00e9tecter rapidement les erreurs d&#8217;empreinte, de les r\u00e9p\u00e9ter facilement et d&#8217;analyser l&#8217;\u00e9tat actuel des dents sur la plateforme num\u00e9rique.<\/p>\n<p><strong>Avantages des scanners intra-oraux:<\/strong><\/p>\n<ul>\n<li>Am\u00e9lioration du confort du patient<\/li>\n<li>Am\u00e9lioration de l&#8217;acceptation du traitement<\/li>\n<li>Efficace dans le temps<\/li>\n<li>Des proc\u00e9dures cliniques simplifi\u00e9es<\/li>\n<li>\u00c9limination du r\u00e9flexe naus\u00e9eux<\/li>\n<li>Une meilleure communication avec les patients<\/li>\n<li>\u00c9limination du go\u00fbt de l&#8217;impression<\/li>\n<\/ul>\n<h2><img loading=\"lazy\" decoding=\"async\" class=\"size-full wp-image-302 aligncenter\" src=\"http:\/\/baudentalinternational.com\/wp-content\/uploads\/2022\/11\/Picture3.jpg\" alt=\"\" width=\"306\" height=\"305\" srcset=\"https:\/\/baudentalinternational.com\/wp-content\/uploads\/2022\/11\/Picture3.jpg 306w, https:\/\/baudentalinternational.com\/wp-content\/uploads\/2022\/11\/Picture3-300x300.jpg 300w, https:\/\/baudentalinternational.com\/wp-content\/uploads\/2022\/11\/Picture3-150x150.jpg 150w\" sizes=\"auto, (max-width: 306px) 100vw, 306px\" \/><\/h2>\n","protected":false},"excerpt":{"rendered":"<p>Imprimantes Tridimensionnelles L&#8217;impression tridimensionnelle, alias la fabrication additive, est une technologie de fabrication avanc\u00e9e. Dans les syst\u00e8mes CAO-FAO, les restaurations peuvent \u00eatre produites \u00e0 l&#8217;aide de dispositifs qui usinent diff\u00e9rents types de blocs dentaires, et aujourd&#8217;hui, les restaurations peuvent \u00eatre produites couche par couche avec la technologie d&#8217;impression actuelle. En effet, il est possible, gr\u00e2ce [&hellip;]<\/p>\n","protected":false},"author":1,"featured_media":0,"parent":0,"menu_order":0,"comment_status":"closed","ping_status":"closed","template":"","meta":{"slim_seo":{"title":"Notre Technologie - BAU Dental Hospital","description":"Imprimantes Tridimensionnelles L'impression tridimensionnelle, alias la fabrication additive, est une technologie de fabrication avanc\u00e9e. Dans les syst\u00e8mes CAO-"},"footnotes":""},"class_list":["post-871","page","type-page","status-publish","hentry"],"_links":{"self":[{"href":"https:\/\/baudentalinternational.com\/fr\/wp-json\/wp\/v2\/pages\/871","targetHints":{"allow":["GET"]}}],"collection":[{"href":"https:\/\/baudentalinternational.com\/fr\/wp-json\/wp\/v2\/pages"}],"about":[{"href":"https:\/\/baudentalinternational.com\/fr\/wp-json\/wp\/v2\/types\/page"}],"author":[{"embeddable":true,"href":"https:\/\/baudentalinternational.com\/fr\/wp-json\/wp\/v2\/users\/1"}],"replies":[{"embeddable":true,"href":"https:\/\/baudentalinternational.com\/fr\/wp-json\/wp\/v2\/comments?post=871"}],"version-history":[{"count":5,"href":"https:\/\/baudentalinternational.com\/fr\/wp-json\/wp\/v2\/pages\/871\/revisions"}],"predecessor-version":[{"id":882,"href":"https:\/\/baudentalinternational.com\/fr\/wp-json\/wp\/v2\/pages\/871\/revisions\/882"}],"wp:attachment":[{"href":"https:\/\/baudentalinternational.com\/fr\/wp-json\/wp\/v2\/media?parent=871"}],"curies":[{"name":"wp","href":"https:\/\/api.w.org\/{rel}","templated":true}]}}