{"id":894,"date":"2022-08-31T09:55:55","date_gmt":"2022-08-31T09:55:55","guid":{"rendered":"https:\/\/baudentalinternational.com\/dental-journey\/"},"modified":"2025-07-17T08:02:26","modified_gmt":"2025-07-17T08:02:26","slug":"le-parcours-dentaire","status":"publish","type":"page","link":"https:\/\/baudentalinternational.com\/fr\/le-parcours-dentaire\/","title":{"rendered":"Le Parcours Dentaire"},"content":{"rendered":"\r\n<h2 class=\"wp-block-heading\">Plan de traitement et rendez-vous<\/h2>\r\n\r\n\r\n\r\n<p>Nous consulterons notre personnel m\u00e9dical et vous contacterons dans les 24 heures pour vous proposer un plan de traitement adapt\u00e9, une estimation des co\u00fbts et la dur\u00e9e du s\u00e9jour.<\/p>\r\n\r\n\r\n\r\n<p>Vous pouvez \u00e9galement demander directement un rendez-vous par courriel \u00e0 internationalpatient@dent.bau.edu.tr.<\/p>\r\n\r\n\r\n\r\n<p>Le rendez-vous sera fix\u00e9 lorsque le plan de traitement sera confirm\u00e9 par vous.<\/p>\r\n\r\n\r\n\r\n<h2 class=\"wp-block-heading\">H\u00e9bergement et transferts terrestres<\/h2>\r\n\r\n\r\n\r\n<p>Nous organiserons les transferts a\u00e9roport-h\u00f4tel-h\u00f4pital en fonction de vos arrangements de voyage et m\u00e9dicaux. Nous vous aiderons \u00e0 r\u00e9server des chambres dans les h\u00f4tels voisins en fonction de vos pr\u00e9f\u00e9rences.<\/p>\r\n\r\n\r\n\r\n<h2 class=\"wp-block-heading\">Traitement Dentaire<\/h2>\r\n\r\n\r\n\r\n<p>Tous les traitements sont effectu\u00e9s dans nos \u00e9tablissements ultramodernes \u00e9quip\u00e9s des derni\u00e8res technologies par nos m\u00e9decins et experts m\u00e9dicaux hautement qualifi\u00e9s et form\u00e9s \u00e0 l&#8217;international.<\/p>\r\n\r\n\r\n\r\n<p>Une fois votre traitement termin\u00e9, les dossiers et rapports m\u00e9dicaux vous seront fournis en anglais.<\/p>\r\n\r\n\r\n\r\n<h2 class=\"wp-block-heading\">Dur\u00e9e de votre s\u00e9jour<\/h2>\r\n\r\n\r\n\r\n<p>La dur\u00e9e de votre s\u00e9jour d\u00e9pendra de votre plan de traitement individuel. (Des informations d\u00e9taill\u00e9es vous seront fournies avant votre arriv\u00e9e).<\/p>\r\n\r\n\r\n\r\n<p>Les patients internationaux du monde entier sont pris en charge par les membres de notre \u00e9quipe hautement qualifi\u00e9e et accueillante dans notre h\u00f4pital.<\/p>\r\n\r\n\r\n\r\n<p>L&#8217;\u00e9quipe du centre international des patients vous guidera \u00e0 chaque \u00e9tape de votre traitement, avant, pendant et apr\u00e8s votre s\u00e9jour \u00e0 Istanbul.<\/p>\r\n\r\n\r\n\r\n<p>Nous sommes l\u00e0 pour aider nos patients en leur proposant des soins et des plans de traitement personnalis\u00e9s et en veillant \u00e0 ce que vous soyez pris en charge et soutenu avant, pendant et apr\u00e8s votre visite.<\/p>\r\n\r\n\r\n\r\n<p>Nous apportons notre soutien aux patients internationaux en mati\u00e8re d&#8217;h\u00e9bergement, d&#8217;organisation des d\u00e9placements locaux, de services d&#8217;interpr\u00e9tation et d&#8217;acc\u00e8s rapide aux rendez-vous m\u00e9dicaux.<\/p>\r\n\r\n<p>&nbsp;<\/p>\r\n<div class=\"container\">\r\n<div class=\"row\">\r\n<div class=\"col-12 col-sm-8\" style=\"padding: 8px;\"><img decoding=\"async\" class=\"center\" style=\"border: 3px #F58665 solid;\" src=\"http:\/\/baudentalinternational.com\/wp-content\/uploads\/2022\/12\/harita.png\" alt=\"map\" \/><\/div>\r\n<div class=\"col col-sm-4\" style=\"padding: 8px; margin: 0;\">\r\n<div class=\"leaf center\" style=\"background-color: #f58665; color: white;\">\r\n<h6 style=\"text-align: center;\">AIRPORT (BY CAR)<\/h6>\r\n<\/div>\r\n<p><strong class=\"padLeft25\">IGA<\/strong><\/p>\r\n<p class=\"padLeft25\">37.5 KM &#8211; 33 MINUTE<\/p>\r\n<p><strong class=\"padLeft25\">SABIHA GOKCEN<\/strong><\/p>\r\n<p class=\"padLeft25\">42.2 KM &#8211; 44 MINUTE<\/p>\r\n<div class=\"leaf center\" style=\"background-color: #1986ae; color: white;\">\r\n<h6 style=\"text-align: center;\">SIGHT SEEING (BY CAR)<\/h6>\r\n<\/div>\r\n<p><strong class=\"padLeft25\">DOLMABAH\u00c7E SARAYI<\/strong><\/p>\r\n<p class=\"padLeft25\">4.1 KM &#8211; 10 MINUTE<\/p>\r\n<p><strong class=\"padLeft25\">GRAND BAZAAR<\/strong><\/p>\r\n<p class=\"padLeft25\">7.5 KM &#8211; 28 MINUTE<\/p>\r\n<p><strong class=\"padLeft25\">ORTAK\u00d6Y<\/strong><\/p>\r\n<p class=\"padLeft25\">3 KM &#8211; 8 MINUTE<\/p>\r\n<p><strong class=\"padLeft25\">TAKSIM SQUARE<\/strong><\/p>\r\n<p class=\"padLeft25\">4.8 KM &#8211; 10 MINUTE<\/p>\r\n<div class=\"leaf center\" style=\"background-color: #fcb955; color: white;\">\r\n<h6 style=\"text-align: center;\">SHOPPING (BY CAR)<\/h6>\r\n<\/div>\r\n<p><strong class=\"padLeft25\">ZORLU SHOPPING MALL<\/strong><\/p>\r\n<p class=\"padLeft25\">2 KM &#8211; 5 MINUTE<\/p>\r\n<p><strong class=\"padLeft25\">KANYON SHOPPING MALL<\/strong><\/p>\r\n<p class=\"padLeft25\">5 KM &#8211; 15 MINUTE<\/p>\r\n<p><strong class=\"padLeft25\">CEVAHIR SHOPPING MALL<\/strong><\/p>\r\n<p class=\"padLeft25\">3 KM &#8211; 10 MINUTE<\/p>\r\n<div class=\"leaf center\" style=\"background-color: #54a5d5; color: white;\">\r\n<h6 style=\"text-align: center;\">HOTEL (WALKING DISTANCE)<\/h6>\r\n<\/div>\r\n<p><strong class=\"padLeft25\">M\u00d6VENPICK<\/strong><\/p>\r\n<p class=\"padLeft25\">260 M &#8211; 3 MINUTE<\/p>\r\n<p><strong class=\"padLeft25\">POINT<\/strong><\/p>\r\n<p class=\"padLeft25\">7.5 KM &#8211; 28 MINUTE<\/p>\r\n<p><strong class=\"padLeft25\">REN.POLAT<\/strong><\/p>\r\n<p class=\"padLeft25\">170 M &#8211; 2 MINUTE<\/p>\r\n<p><strong class=\"padLeft25\">CONRAD<\/strong><\/p>\r\n<p class=\"padLeft25\">1.6 KM &#8211; 19 MINUTE<\/p>\r\n<\/div>\r\n<\/div>\r\n<\/div>\r\n<p>&nbsp;<\/p>","protected":false},"excerpt":{"rendered":"<p>Plan de traitement et rendez-vous Nous consulterons notre personnel m\u00e9dical et vous contacterons dans les 24 heures pour vous proposer un plan de traitement adapt\u00e9, une estimation des co\u00fbts et la dur\u00e9e du s\u00e9jour. Vous pouvez \u00e9galement demander directement un rendez-vous par courriel \u00e0 internationalpatient@dent.bau.edu.tr. Le rendez-vous sera fix\u00e9 lorsque le plan de traitement sera [&hellip;]<\/p>\n","protected":false},"author":1,"featured_media":0,"parent":0,"menu_order":0,"comment_status":"closed","ping_status":"closed","template":"","meta":{"slim_seo":{"title":"Le Parcours Dentaire - BAU Dental Hospital","description":"Plan de traitement et rendez-vous Nous consulterons notre personnel m\u00e9dical et vous contacterons dans les 24 heures pour vous proposer un plan de traitement ada"},"footnotes":""},"class_list":["post-894","page","type-page","status-publish","hentry"],"_links":{"self":[{"href":"https:\/\/baudentalinternational.com\/fr\/wp-json\/wp\/v2\/pages\/894","targetHints":{"allow":["GET"]}}],"collection":[{"href":"https:\/\/baudentalinternational.com\/fr\/wp-json\/wp\/v2\/pages"}],"about":[{"href":"https:\/\/baudentalinternational.com\/fr\/wp-json\/wp\/v2\/types\/page"}],"author":[{"embeddable":true,"href":"https:\/\/baudentalinternational.com\/fr\/wp-json\/wp\/v2\/users\/1"}],"replies":[{"embeddable":true,"href":"https:\/\/baudentalinternational.com\/fr\/wp-json\/wp\/v2\/comments?post=894"}],"version-history":[{"count":3,"href":"https:\/\/baudentalinternational.com\/fr\/wp-json\/wp\/v2\/pages\/894\/revisions"}],"predecessor-version":[{"id":4095,"href":"https:\/\/baudentalinternational.com\/fr\/wp-json\/wp\/v2\/pages\/894\/revisions\/4095"}],"wp:attachment":[{"href":"https:\/\/baudentalinternational.com\/fr\/wp-json\/wp\/v2\/media?parent=894"}],"curies":[{"name":"wp","href":"https:\/\/api.w.org\/{rel}","templated":true}]}}