{"id":898,"date":"2022-08-31T01:27:38","date_gmt":"2022-08-31T01:27:38","guid":{"rendered":"https:\/\/baudentalinternational.com\/our-organisation\/"},"modified":"2023-02-20T08:57:12","modified_gmt":"2023-02-20T08:57:12","slug":"notre-organization","status":"publish","type":"page","link":"https:\/\/baudentalinternational.com\/fr\/notre-organization\/","title":{"rendered":"Notre organization"},"content":{"rendered":"\n<p>Our story of achieving international success began in 1968 with the establishment of U\u011fur Dershaneleri. U\u011fur Dershaneleri, which enabled students to achieve outstanding successes in national exams, started education with Bah\u00e7esehir College for reaching more children with quality education. widespread in Turkey, leads the quality education with 130 campuses, 13 Science and Technology High Schools and 15 science museums across Turkey.<\/p>\n\n\n\n<p>Bahcesehir University, founded by Y\u00fccel in 1998, today continues its works in order to become a global university.<\/p>\n\n\n\n<p>BAU Global is a broad education network consisting of 5 universities, 3 language schools, 4 academic centers and 1 boarding school located in 8 different countries around the World.<\/p>\n\n\n\n<p>Enver Y\u00fccel, the Chairman of the Board of Trustees of Bahcesehir University, believes in the importance of the global education. In this respect, Bahcesehir University was granted the award of the championship as two times in a row in the \u201cEducation Export\u201d category in the Awards of 500 Major Exporters of Turkey given by the Turkish Exporters Assembly within the years of 2017 and 2018.<\/p>\n","protected":false},"excerpt":{"rendered":"<p>Our story of achieving international success began in 1968 with the establishment of U\u011fur Dershaneleri. U\u011fur Dershaneleri, which enabled students to achieve outstanding successes in national exams, started education with Bah\u00e7esehir College for reaching more children with quality education. widespread in Turkey, leads the quality education with 130 campuses, 13 Science and Technology High Schools [&hellip;]<\/p>\n","protected":false},"author":1,"featured_media":0,"parent":0,"menu_order":0,"comment_status":"closed","ping_status":"closed","template":"","meta":{"slim_seo":{"title":"Notre organization - BAU Dental Hospital","description":"Our story of achieving international success began in 1968 with the establishment of U\u011fur Dershaneleri. U\u011fur Dershaneleri, which enabled students to achieve out"},"footnotes":""},"class_list":["post-898","page","type-page","status-publish","hentry"],"_links":{"self":[{"href":"https:\/\/baudentalinternational.com\/fr\/wp-json\/wp\/v2\/pages\/898","targetHints":{"allow":["GET"]}}],"collection":[{"href":"https:\/\/baudentalinternational.com\/fr\/wp-json\/wp\/v2\/pages"}],"about":[{"href":"https:\/\/baudentalinternational.com\/fr\/wp-json\/wp\/v2\/types\/page"}],"author":[{"embeddable":true,"href":"https:\/\/baudentalinternational.com\/fr\/wp-json\/wp\/v2\/users\/1"}],"replies":[{"embeddable":true,"href":"https:\/\/baudentalinternational.com\/fr\/wp-json\/wp\/v2\/comments?post=898"}],"version-history":[{"count":1,"href":"https:\/\/baudentalinternational.com\/fr\/wp-json\/wp\/v2\/pages\/898\/revisions"}],"predecessor-version":[{"id":1151,"href":"https:\/\/baudentalinternational.com\/fr\/wp-json\/wp\/v2\/pages\/898\/revisions\/1151"}],"wp:attachment":[{"href":"https:\/\/baudentalinternational.com\/fr\/wp-json\/wp\/v2\/media?parent=898"}],"curies":[{"name":"wp","href":"https:\/\/api.w.org\/{rel}","templated":true}]}}