{"id":904,"date":"2022-08-31T01:33:29","date_gmt":"2022-08-31T01:33:29","guid":{"rendered":"https:\/\/baudentalinternational.com\/why-choose-us\/"},"modified":"2023-08-17T13:14:05","modified_gmt":"2023-08-17T13:14:05","slug":"why-choose-us","status":"publish","type":"page","link":"https:\/\/baudentalinternational.com\/fr\/why-choose-us\/","title":{"rendered":"Pourquoi nous choisir ?"},"content":{"rendered":"<div class=\"col-xs-12 col-sm-12 col-md-12 col-lg-12\">\n<div class=\"clearfix\"><\/div>\n<link rel=\"stylesheet\" href=\"https:\/\/baudentalinternational.com\/wp-content\/uploads\/2022\/12\/style_wcu.css\">\n<div class=\"container \">\n<div class=\"row d-flex justify-content-between\">\n<div class=\"col-12 col-md-6 col-xl-4 p-2\">\n<div class=\"row p-5\">\n<div class=\"card-fixed1\" style=\"text-align: center;\">\n<div style=\"padding-top: 5px;\">UNE TECHNOLOGIE DE POINTE<\/div>\n<div class=\"card-fixed2\">\n<img decoding=\"async\" src=\"https:\/\/baudentalinternational.com\/wp-content\/themes\/baudentalhospital\/img\/icons\/cuttingedge.png\" class=\"img-fluid\" alt=\"\">\n<\/div>\n<\/p>\n<\/div>\n<div class=\"border border-info card-info1\">\nNous utilisons les derni\u00e8res technologies dentaires num\u00e9riques qui nous permettent de r\u00e9aliser des traitements et des interventions chirurgicales.\n<\/div>\n<\/p>\n<\/div>\n<\/div>\n<div class=\"col-12 col-md-6 col-xl-4 p-2 \">\n<div class=\"row p-5\">\n<div class=\"card-fixed1\" style=\"text-align: center;\">\n<div style=\"padding-top: 5px;\">PERSONNEL EXP\u00c9RIMENT\u00c9<\/div>\n<div class=\"card-fixed2\">\n<img decoding=\"async\" src=\"https:\/\/baudentalinternational.com\/wp-content\/themes\/baudentalhospital\/img\/icons\/experienced.png\" class=\"img-fluid\" alt=\"\">\n<\/div>\n<\/p>\n<\/div>\n<div class=\"border border-info card-info1\">\nUne \u00e9quipe m\u00e9dicale d\u00e9vou\u00e9e et qualifi\u00e9e offre le meilleur traitement aux patients, r\u00e9pondant aux normes de qualit\u00e9 internationales.\n<\/div>\n<\/p>\n<\/div>\n<\/div>\n<div class=\"col-12 col-md-6 col-xl-4 \">\n<div class=\"row p-5\">\n<div class=\"card-fixed1\" style=\"text-align: center;\">\n<div style=\"padding-top: 5px;\">SOINS PERSONNALIS\u00c9S<\/div>\n<div class=\"card-fixed2\">\n<img decoding=\"async\" src=\"https:\/\/baudentalinternational.com\/wp-content\/themes\/baudentalhospital\/img\/icons\/personalised.png\" class=\"img-fluid\" alt=\"\">\n<\/div>\n<\/p>\n<\/div>\n<div class=\"border border-info card-info1\">\nOffrir une m\u00e9thode multidisciplinaire pour soigner et \u00e9tablir un plan de traitement adapt\u00e9 \u00e0 chaque patient.\n<\/div>\n<\/p>\n<\/div>\n<\/div>\n<div class=\"col-12 col-md-6 col-xl-4 \">\n<div class=\"row p-5\">\n<div class=\"card-fixed1\" style=\"text-align: center;\">\n<div style=\"padding-top: 5px;\">INTERNATIONAL EXP\u00c9RIMENT\u00c9<\/div>\n<div class=\"card-fixed2\">\n<img decoding=\"async\" src=\"https:\/\/baudentalinternational.com\/wp-content\/themes\/baudentalhospital\/img\/icons\/international.png\" class=\"img-fluid\" alt=\"\">\n<\/div>\n<\/p>\n<\/div>\n<div class=\"border border-info card-info1 p-4\">\nLes patients internationaux du monde entier sont pris en charge par l&#8217;\u00e9quipe tr\u00e8s exp\u00e9riment\u00e9e et accueillante du Centre des patients internationaux de notre h\u00f4pital.\n<\/div>\n<\/p>\n<\/div>\n<\/div>\n<div class=\"col-12 col-md-6 col-xl-4 \">\n<div class=\"row p-5\">\n<div class=\"card-fixed1\" style=\"text-align: center;\">\n<div style=\"padding-top: 5px;\">EMPLACEMENT<\/div>\n<div class=\"card-fixed2\">\n<img decoding=\"async\" src=\"https:\/\/baudentalinternational.com\/wp-content\/themes\/baudentalhospital\/img\/icons\/location.png\" class=\"img-fluid\" alt=\"\">\n<\/div>\n<\/p>\n<\/div>\n<div class=\"border border-info card-info1 \">\nSitu\u00e9 au c\u0153ur d&#8217;Istanbul. Les principales attractions de la ville sont accessibles \u00e0 pied.\n<\/div>\n<\/p>\n<\/div>\n<\/div>\n<div class=\"col-12 col-md-6 col-xl-4 \">\n<div class=\"row p-5\">\n<div class=\"card-fixed1\" style=\"text-align: center;\">\n<div style=\"padding-top: 5px;\">BAU GLOBAL<\/div>\n<div class=\"card-fixed2\">\n<img decoding=\"async\" src=\"https:\/\/baudentalinternational.com\/wp-content\/themes\/baudentalhospital\/img\/icons\/global.png\" class=\"img-fluid\" alt=\"\">\n<\/div>\n<\/p>\n<\/div>\n<div class=\"border border-info card-info1\">\n\u00c9tablissement d&#8217;enseignement de renomm\u00e9e mondiale comptant plus de 7500 \u00e9tudiants internationaux originaires de 120 pays.\n<\/div>\n<\/p>\n<\/div>\n<\/div>\n<\/div>\n<\/div>\n<div class=\"clearfix\"><\/div>\n<\/div>\n","protected":false},"excerpt":{"rendered":"<p>UNE TECHNOLOGIE DE POINTE Nous utilisons les derni\u00e8res technologies dentaires num\u00e9riques qui nous permettent de r\u00e9aliser des traitements et des interventions chirurgicales. PERSONNEL EXP\u00c9RIMENT\u00c9 Une \u00e9quipe m\u00e9dicale d\u00e9vou\u00e9e et qualifi\u00e9e offre le meilleur traitement aux patients, r\u00e9pondant aux normes de qualit\u00e9 internationales. SOINS PERSONNALIS\u00c9S Offrir une m\u00e9thode multidisciplinaire pour soigner et \u00e9tablir un plan de [&hellip;]<\/p>\n","protected":false},"author":1,"featured_media":0,"parent":0,"menu_order":0,"comment_status":"closed","ping_status":"closed","template":"","meta":{"slim_seo":{"title":"Pourquoi nous choisir ? - BAU Dental Hospital","description":"UNE TECHNOLOGIE DE POINTE Nous utilisons les derni\u00e8res technologies dentaires num\u00e9riques qui nous permettent de r\u00e9aliser des traitements et des interventions ch"},"footnotes":""},"class_list":["post-904","page","type-page","status-publish","hentry"],"_links":{"self":[{"href":"https:\/\/baudentalinternational.com\/fr\/wp-json\/wp\/v2\/pages\/904","targetHints":{"allow":["GET"]}}],"collection":[{"href":"https:\/\/baudentalinternational.com\/fr\/wp-json\/wp\/v2\/pages"}],"about":[{"href":"https:\/\/baudentalinternational.com\/fr\/wp-json\/wp\/v2\/types\/page"}],"author":[{"embeddable":true,"href":"https:\/\/baudentalinternational.com\/fr\/wp-json\/wp\/v2\/users\/1"}],"replies":[{"embeddable":true,"href":"https:\/\/baudentalinternational.com\/fr\/wp-json\/wp\/v2\/comments?post=904"}],"version-history":[{"count":5,"href":"https:\/\/baudentalinternational.com\/fr\/wp-json\/wp\/v2\/pages\/904\/revisions"}],"predecessor-version":[{"id":1446,"href":"https:\/\/baudentalinternational.com\/fr\/wp-json\/wp\/v2\/pages\/904\/revisions\/1446"}],"wp:attachment":[{"href":"https:\/\/baudentalinternational.com\/fr\/wp-json\/wp\/v2\/media?parent=904"}],"curies":[{"name":"wp","href":"https:\/\/api.w.org\/{rel}","templated":true}]}}